{"id":12,"date":"2025-03-04T02:42:58","date_gmt":"2025-03-04T02:42:58","guid":{"rendered":"https:\/\/informe-2025-cucsur.reffcovarrubias.com\/?page_id=12"},"modified":"2026-01-21T05:58:31","modified_gmt":"2026-01-21T05:58:31","slug":"home","status":"publish","type":"page","link":"https:\/\/cucsur.udg.mx\/informe-2024-2025\/","title":{"rendered":"Home"},"content":{"rendered":"\t\t<div data-elementor-type=\"wp-page\" data-elementor-id=\"12\" class=\"elementor elementor-12\" data-elementor-post-type=\"page\">\n\t\t\t\t<div class=\"elementor-element elementor-element-f6e6cf7 e-con-full e-flex e-con e-parent\" data-id=\"f6e6cf7\" data-element_type=\"container\" id=\"main-container-wp\" data-settings=\"{&quot;background_background&quot;:&quot;gradient&quot;}\">\n\t\t<div class=\"elementor-element elementor-element-998fefa e-con-full e-flex e-con e-child\" data-id=\"998fefa\" data-element_type=\"container\">\n\t\t<div class=\"elementor-element elementor-element-9346222 e-con-full e-flex e-con e-child\" data-id=\"9346222\" data-element_type=\"container\" id=\"main-main\">\n\t\t\t\t<div class=\"elementor-element elementor-element-c0a2858 elementor-widget elementor-widget-video\" data-id=\"c0a2858\" data-element_type=\"widget\" id=\"video-main\" data-settings=\"{&quot;video_type&quot;:&quot;hosted&quot;,&quot;autoplay&quot;:&quot;yes&quot;,&quot;play_on_mobile&quot;:&quot;yes&quot;,&quot;mute&quot;:&quot;yes&quot;,&quot;loop&quot;:&quot;yes&quot;}\" data-widget_type=\"video.default\">\n\t\t\t\t<div class=\"elementor-widget-container\">\n\t\t\t\t\t\t\t<div class=\"e-hosted-video elementor-wrapper elementor-open-inline\">\n\t\t\t\t\t<video class=\"elementor-video\" src=\"https:\/\/firebasestorage.googleapis.com\/v0\/b\/informe-cucsur.firebasestorage.app\/o\/2025%2F0307.mp4?alt=media&amp;token=2ed9f729-a506-474c-929a-80efea0a4c04\" autoplay=\"\" loop=\"\" muted=\"muted\" playsinline=\"\" controlsList=\"nodownload\"><\/video>\n\t\t\t\t<\/div>\n\t\t\t\t\t\t<\/div>\n\t\t\t\t<\/div>\n\t\t\t\t<div class=\"elementor-element elementor-element-30e85f9 elementor-widget elementor-widget-image\" data-id=\"30e85f9\" data-element_type=\"widget\" id=\"logo-informe\" data-widget_type=\"image.default\">\n\t\t\t\t<div class=\"elementor-widget-container\">\n\t\t\t\t\t\t\t\t\t\t\t\t\t\t\t<img fetchpriority=\"high\" decoding=\"async\" width=\"800\" height=\"800\" src=\"https:\/\/cucsur.udg.mx\/informe-2024-2025\/wp-content\/uploads\/2026\/01\/Logo-1024.png\" class=\"attachment-large size-large wp-image-466\" alt=\"\" srcset=\"https:\/\/cucsur.udg.mx\/informe-2024-2025\/wp-content\/uploads\/2026\/01\/Logo-1024.png 1024w, https:\/\/cucsur.udg.mx\/informe-2024-2025\/wp-content\/uploads\/2026\/01\/Logo-1024-300x300.png 300w, https:\/\/cucsur.udg.mx\/informe-2024-2025\/wp-content\/uploads\/2026\/01\/Logo-1024-150x150.png 150w, https:\/\/cucsur.udg.mx\/informe-2024-2025\/wp-content\/uploads\/2026\/01\/Logo-1024-768x768.png 768w\" sizes=\"(max-width: 800px) 100vw, 800px\" \/>\t\t\t\t\t\t\t\t\t\t\t\t\t\t\t<\/div>\n\t\t\t\t<\/div>\n\t\t\t\t<\/div>\n\t\t\t\t<\/div>\n\t\t\t\t<\/div>\n\t\t<div class=\"elementor-element elementor-element-32bbdf1 e-con-full e-flex e-con e-parent\" data-id=\"32bbdf1\" data-element_type=\"container\">\n\t\t\t\t<div class=\"elementor-element elementor-element-dd9f34b elementor-widget elementor-widget-image\" data-id=\"dd9f34b\" data-element_type=\"widget\" data-widget_type=\"image.default\">\n\t\t\t\t<div class=\"elementor-widget-container\">\n\t\t\t\t\t\t\t\t\t\t\t\t\t\t\t\t<a href=\"#elementor-action%3Aaction%3Dpopup%3Aopen%26settings%3DeyJpZCI6IjM1MSIsInRvZ2dsZSI6ZmFsc2V9\">\n\t\t\t\t\t\t\t<img decoding=\"async\" src=\"https:\/\/firebasestorage.googleapis.com\/v0\/b\/portafolio-personal-264fb.appspot.com\/o\/informe-cucsur-2024-2025%2F2-Docencia.png?alt=media&#038;token=21d863cc-b383-4c21-bc8c-529ab4fbab71\" title=\"\" alt=\"\" loading=\"lazy\" \/>\t\t\t\t\t\t\t\t<\/a>\n\t\t\t\t\t\t\t\t\t\t\t\t\t\t\t<\/div>\n\t\t\t\t<\/div>\n\t\t\t\t<div class=\"elementor-element elementor-element-f04efe1 elementor-widget elementor-widget-image\" data-id=\"f04efe1\" data-element_type=\"widget\" data-widget_type=\"image.default\">\n\t\t\t\t<div class=\"elementor-widget-container\">\n\t\t\t\t\t\t\t\t\t\t\t\t\t\t\t\t<a href=\"#elementor-action%3Aaction%3Dpopup%3Aopen%26settings%3DeyJpZCI6IjM1MyIsInRvZ2dsZSI6ZmFsc2V9\">\n\t\t\t\t\t\t\t<img decoding=\"async\" src=\"https:\/\/firebasestorage.googleapis.com\/v0\/b\/portafolio-personal-264fb.appspot.com\/o\/informe-cucsur-2024-2025%2F3-Investigacio%CC%81n.png?alt=media&#038;token=cdf27377-ef30-4ca5-9460-75a0ef9fc459\" title=\"\" alt=\"\" loading=\"lazy\" \/>\t\t\t\t\t\t\t\t<\/a>\n\t\t\t\t\t\t\t\t\t\t\t\t\t\t\t<\/div>\n\t\t\t\t<\/div>\n\t\t\t\t<div class=\"elementor-element elementor-element-163146c elementor-widget elementor-widget-image\" data-id=\"163146c\" data-element_type=\"widget\" data-widget_type=\"image.default\">\n\t\t\t\t<div class=\"elementor-widget-container\">\n\t\t\t\t\t\t\t\t\t\t\t\t\t\t\t\t<a href=\"#elementor-action%3Aaction%3Dpopup%3Aopen%26settings%3DeyJpZCI6IjM1MiIsInRvZ2dsZSI6ZmFsc2V9\">\n\t\t\t\t\t\t\t<img decoding=\"async\" src=\"https:\/\/firebasestorage.googleapis.com\/v0\/b\/portafolio-personal-264fb.appspot.com\/o\/informe-cucsur-2024-2025%2F4-Extensio%CC%81n.png?alt=media&#038;token=f30865cd-e479-48f3-a87c-6519e23229e5\" title=\"\" alt=\"\" loading=\"lazy\" \/>\t\t\t\t\t\t\t\t<\/a>\n\t\t\t\t\t\t\t\t\t\t\t\t\t\t\t<\/div>\n\t\t\t\t<\/div>\n\t\t\t\t<\/div>\n\t\t<div class=\"elementor-element elementor-element-300fc8e e-con-full e-flex e-con e-parent\" data-id=\"300fc8e\" data-element_type=\"container\">\n\t\t\t\t<div class=\"elementor-element elementor-element-7122d90 elementor-widget elementor-widget-image\" data-id=\"7122d90\" data-element_type=\"widget\" data-widget_type=\"image.default\">\n\t\t\t\t<div class=\"elementor-widget-container\">\n\t\t\t\t\t\t\t\t\t\t\t\t\t\t\t\t<a href=\"#elementor-action%3Aaction%3Dpopup%3Aopen%26settings%3DeyJpZCI6IjM1NSIsInRvZ2dsZSI6ZmFsc2V9\">\n\t\t\t\t\t\t\t<img decoding=\"async\" src=\"https:\/\/firebasestorage.googleapis.com\/v0\/b\/portafolio-personal-264fb.appspot.com\/o\/informe-cucsur-2024-2025%2F5-Difusio%CC%81n.png?alt=media&#038;token=11eb61fd-337f-469c-af83-f4c7a116f541\" title=\"\" alt=\"\" loading=\"lazy\" \/>\t\t\t\t\t\t\t\t<\/a>\n\t\t\t\t\t\t\t\t\t\t\t\t\t\t\t<\/div>\n\t\t\t\t<\/div>\n\t\t\t\t<div class=\"elementor-element elementor-element-c5dc9dc elementor-widget elementor-widget-image\" data-id=\"c5dc9dc\" data-element_type=\"widget\" data-widget_type=\"image.default\">\n\t\t\t\t<div class=\"elementor-widget-container\">\n\t\t\t\t\t\t\t\t\t\t\t\t\t\t\t\t<a href=\"#elementor-action%3Aaction%3Dpopup%3Aopen%26settings%3DeyJpZCI6IjM1NCIsInRvZ2dsZSI6ZmFsc2V9\">\n\t\t\t\t\t\t\t<img decoding=\"async\" src=\"https:\/\/firebasestorage.googleapis.com\/v0\/b\/portafolio-personal-264fb.appspot.com\/o\/informe-cucsur-2024-2025%2F6-Gestio%CC%81n.png?alt=media&#038;token=ad4ba5ae-52e0-44ce-8b6f-4e650f805b0f\" title=\"\" alt=\"\" loading=\"lazy\" \/>\t\t\t\t\t\t\t\t<\/a>\n\t\t\t\t\t\t\t\t\t\t\t\t\t\t\t<\/div>\n\t\t\t\t<\/div>\n\t\t\t\t<\/div>\n\t\t<div class=\"elementor-element elementor-element-858733b e-con-full e-flex e-con e-parent\" data-id=\"858733b\" data-element_type=\"container\">\n\t\t\t\t<\/div>\n\t\t<div class=\"elementor-element elementor-element-dfc664a e-con-full e-flex e-con e-parent\" data-id=\"dfc664a\" data-element_type=\"container\">\n\t\t\t\t<div class=\"elementor-element elementor-element-e35e9e8 elementor-widget elementor-widget-heading\" data-id=\"e35e9e8\" data-element_type=\"widget\" data-widget_type=\"heading.default\">\n\t\t\t\t<div class=\"elementor-widget-container\">\n\t\t\t\t\t<h2 class=\"elementor-heading-title elementor-size-default\">Mensaje<\/h2>\t\t\t\t<\/div>\n\t\t\t\t<\/div>\n\t\t<div class=\"elementor-element elementor-element-404bedd e-grid e-con-boxed e-con e-child\" data-id=\"404bedd\" data-element_type=\"container\">\n\t\t\t\t\t<div class=\"e-con-inner\">\n\t\t\t\t<div class=\"elementor-element elementor-element-65e7d8c elementor-widget elementor-widget-image\" data-id=\"65e7d8c\" data-element_type=\"widget\" data-widget_type=\"image.default\">\n\t\t\t\t<div class=\"elementor-widget-container\">\n\t\t\t\t\t\t\t\t\t\t\t\t\t\t\t<img decoding=\"async\" src=\"https:\/\/cucsur.udg.mx\/sites\/default\/files\/adjuntos\/imagen-rectora.png\" title=\"\" alt=\"\" loading=\"lazy\" \/>\t\t\t\t\t\t\t\t\t\t\t\t\t\t\t<\/div>\n\t\t\t\t<\/div>\n\t\t\t\t<div class=\"elementor-element elementor-element-6eb2a59 elementor-widget elementor-widget-text-editor\" data-id=\"6eb2a59\" data-element_type=\"widget\" data-widget_type=\"text-editor.default\">\n\t\t\t\t<div class=\"elementor-widget-container\">\n\t\t\t\t\t\t\t\t\t<p class=\"p1\">En cumplimiento de mis responsabilidades y en uso de las facultades que me otorga la Ley Org\u00e1nica de la Universidad de Guadalajara, y con el prop\u00f3sito de rendir cuentas de manera transparente, presento ante ustedes el Informe de las principales actividades sustantivas desarrolladas en nuestro Centro Universitario de la Costa Sur durante el periodo 2024-2025.<\/p><p class=\"p1\">Desde el establecimiento de un modelo acad\u00e9mico descentralizado, \u00fanico en el pa\u00eds, la Red Universitaria, creada hace 30 a\u00f1os (en 1994), ha permitido que miles de j\u00f3venes accedan a una educaci\u00f3n de calidad. As\u00ed, no solo se han acortado las distancias territoriales, sino que tambi\u00e9n se han reducido las desigualdades sociales. El CU Costa Sur se erige como parte del legado del licenciado Ra\u00fal Padilla L\u00f3pez, quien hace cuatro d\u00e9cadas vislumbr\u00f3 que otra realidad era posible en esta regi\u00f3n.<\/p><p class=\"p1\">El CU Costa Sur representa un nodo que enlaza al vasto territorio que lo conforma, el 27% del territorio estatal, con estructura acad\u00e9mica y f\u00edsica en Autl\u00e1n, Las Anonas, Las Urracas, la Estaci\u00f3n Cient\u00edfica Las Joyas, la Escuela de Artes de El Grullo, Melaque y Jaluco en Cihuatl\u00e1n, as\u00ed como el campo tortuguero \u201cLa Gloria\u201d en Tomatl\u00e1n. En todos estos espacios brindamos un entorno seguro y propicio para el desarrollo de miles de j\u00f3venes, consolidando un modelo educativo que no solo forma profesionales competentes, sino tambi\u00e9n ciudadanos comprometidos con el desarrollo sostenible, la justicia social y la innovaci\u00f3n tecnol\u00f3gica. Somos un centro multitem\u00e1tico y diverso, organizado en dos Divisiones y nueve Departamentos. Reafirmamos: somos una red dentro de la red; esa es la m\u00edstica que distingue a nuestro Centro Universitario.<\/p><p class=\"p1\">Me enorgullece comunicarles que gracias al apoyo y respaldo de nuestro Rector General Ricardo Villanueva Lomel\u00ed, el pasado 8 de marzo, el Consejo General Universitario aprob\u00f3 la creaci\u00f3n de la sede Cihuatl\u00e1n del Centro Universitario de la Costa Sur. Este logro constituye un reconocimiento a esta gran comunidad y, en particular, a quienes integran el Departamento de Estudios para el Desarrollo Sustentable de Zonas Costeras, resultado de 40 a\u00f1os de trabajo en la formaci\u00f3n de estudiantes, en la contribuci\u00f3n a la ciencia y en la preservaci\u00f3n del medio ambiente. Asimismo, es un merecido homenaje a la conformaci\u00f3n de la colecci\u00f3n cient\u00edfica \u201cHabitantes del Mundo Marino\u201d, fundamental en la promoci\u00f3n del cuidado de la biodiversidad.<\/p>\t\t\t\t\t\t\t\t<\/div>\n\t\t\t\t<\/div>\n\t\t\t\t\t<\/div>\n\t\t\t\t<\/div>\n\t\t\t\t<\/div>\n\t\t<div class=\"elementor-element elementor-element-1b8ad66 e-con-full e-flex e-con e-parent\" data-id=\"1b8ad66\" data-element_type=\"container\">\n\t\t\t\t<\/div>\n\t\t<div class=\"elementor-element elementor-element-4f591dd e-con-full elementor-hidden-desktop elementor-hidden-tablet elementor-hidden-mobile e-flex e-con e-parent\" data-id=\"4f591dd\" data-element_type=\"container\">\n\t\t\t\t<div class=\"elementor-element elementor-element-1d37114 elementor-widget elementor-widget-heading\" data-id=\"1d37114\" data-element_type=\"widget\" data-widget_type=\"heading.default\">\n\t\t\t\t<div class=\"elementor-widget-container\">\n\t\t\t\t\t<h2 class=\"elementor-heading-title elementor-size-default\">Videos<\/h2>\t\t\t\t<\/div>\n\t\t\t\t<\/div>\n\t\t<div class=\"elementor-element elementor-element-b7b765e e-grid e-con-full e-con e-child\" data-id=\"b7b765e\" data-element_type=\"container\">\n\t\t\t\t<div class=\"elementor-element elementor-element-7bbf4f3 elementor-widget elementor-widget-video\" data-id=\"7bbf4f3\" data-element_type=\"widget\" data-settings=\"{&quot;youtube_url&quot;:&quot;https:\\\/\\\/youtu.be\\\/QrJ-2BQ2FJo&quot;,&quot;video_type&quot;:&quot;youtube&quot;,&quot;controls&quot;:&quot;yes&quot;}\" data-widget_type=\"video.default\">\n\t\t\t\t<div class=\"elementor-widget-container\">\n\t\t\t\t\t\t\t<div class=\"elementor-wrapper elementor-open-inline\">\n\t\t\t<div class=\"elementor-video\"><\/div>\t\t<\/div>\n\t\t\t\t\t\t<\/div>\n\t\t\t\t<\/div>\n\t\t\t\t<div class=\"elementor-element elementor-element-0d019dc elementor-widget elementor-widget-video\" data-id=\"0d019dc\" data-element_type=\"widget\" data-settings=\"{&quot;youtube_url&quot;:&quot;https:\\\/\\\/youtu.be\\\/5LbyZDmd8dw&quot;,&quot;video_type&quot;:&quot;youtube&quot;,&quot;controls&quot;:&quot;yes&quot;}\" data-widget_type=\"video.default\">\n\t\t\t\t<div class=\"elementor-widget-container\">\n\t\t\t\t\t\t\t<div class=\"elementor-wrapper elementor-open-inline\">\n\t\t\t<div class=\"elementor-video\"><\/div>\t\t<\/div>\n\t\t\t\t\t\t<\/div>\n\t\t\t\t<\/div>\n\t\t\t\t<div class=\"elementor-element elementor-element-6e66352 elementor-widget elementor-widget-video\" data-id=\"6e66352\" data-element_type=\"widget\" data-settings=\"{&quot;youtube_url&quot;:&quot;https:\\\/\\\/youtu.be\\\/KwI2XcCVrBA&quot;,&quot;video_type&quot;:&quot;youtube&quot;,&quot;controls&quot;:&quot;yes&quot;}\" data-widget_type=\"video.default\">\n\t\t\t\t<div class=\"elementor-widget-container\">\n\t\t\t\t\t\t\t<div class=\"elementor-wrapper elementor-open-inline\">\n\t\t\t<div class=\"elementor-video\"><\/div>\t\t<\/div>\n\t\t\t\t\t\t<\/div>\n\t\t\t\t<\/div>\n\t\t\t\t<div class=\"elementor-element elementor-element-ff785f2 elementor-widget elementor-widget-video\" data-id=\"ff785f2\" data-element_type=\"widget\" data-settings=\"{&quot;youtube_url&quot;:&quot;https:\\\/\\\/youtu.be\\\/A5BCrJrP9S8&quot;,&quot;video_type&quot;:&quot;youtube&quot;,&quot;controls&quot;:&quot;yes&quot;}\" data-widget_type=\"video.default\">\n\t\t\t\t<div class=\"elementor-widget-container\">\n\t\t\t\t\t\t\t<div class=\"elementor-wrapper elementor-open-inline\">\n\t\t\t<div class=\"elementor-video\"><\/div>\t\t<\/div>\n\t\t\t\t\t\t<\/div>\n\t\t\t\t<\/div>\n\t\t\t\t<div class=\"elementor-element elementor-element-edd7451 elementor-widget elementor-widget-video\" data-id=\"edd7451\" data-element_type=\"widget\" data-settings=\"{&quot;youtube_url&quot;:&quot;https:\\\/\\\/youtu.be\\\/RAv7DRA4Bbg&quot;,&quot;video_type&quot;:&quot;youtube&quot;,&quot;controls&quot;:&quot;yes&quot;}\" data-widget_type=\"video.default\">\n\t\t\t\t<div class=\"elementor-widget-container\">\n\t\t\t\t\t\t\t<div class=\"elementor-wrapper elementor-open-inline\">\n\t\t\t<div class=\"elementor-video\"><\/div>\t\t<\/div>\n\t\t\t\t\t\t<\/div>\n\t\t\t\t<\/div>\n\t\t\t\t<div class=\"elementor-element elementor-element-7750162 elementor-widget elementor-widget-video\" data-id=\"7750162\" data-element_type=\"widget\" data-settings=\"{&quot;youtube_url&quot;:&quot;https:\\\/\\\/youtu.be\\\/ycLuB5doHCU&quot;,&quot;video_type&quot;:&quot;youtube&quot;,&quot;controls&quot;:&quot;yes&quot;}\" data-widget_type=\"video.default\">\n\t\t\t\t<div class=\"elementor-widget-container\">\n\t\t\t\t\t\t\t<div class=\"elementor-wrapper elementor-open-inline\">\n\t\t\t<div class=\"elementor-video\"><\/div>\t\t<\/div>\n\t\t\t\t\t\t<\/div>\n\t\t\t\t<\/div>\n\t\t\t\t<\/div>\n\t\t\t\t<\/div>\n\t\t<div class=\"elementor-element elementor-element-f733b58 e-flex e-con-boxed e-con e-parent\" data-id=\"f733b58\" data-element_type=\"container\">\n\t\t\t\t\t<div class=\"e-con-inner\">\n\t\t<div class=\"elementor-element elementor-element-19bec28 e-con-full e-grid e-con e-child\" data-id=\"19bec28\" data-element_type=\"container\">\n\t\t\t\t<div class=\"elementor-element elementor-element-381d97f elementor-align-center elementor-widget elementor-widget-button\" data-id=\"381d97f\" data-element_type=\"widget\" data-widget_type=\"button.default\">\n\t\t\t\t<div class=\"elementor-widget-container\">\n\t\t\t\t\t\t\t\t\t<div class=\"elementor-button-wrapper\">\n\t\t\t\t\t<a class=\"elementor-button elementor-button-link elementor-size-sm\" href=\"http:\/\/www.cucsur.udg.mx\/sites\/default\/files\/informe_extenso_compres.pdf\" target=\"_blank\">\n\t\t\t\t\t\t<span class=\"elementor-button-content-wrapper\">\n\t\t\t\t\t\t\t\t\t<span class=\"elementor-button-text\">Descargar informe de <br>actividades<\/span>\n\t\t\t\t\t<\/span>\n\t\t\t\t\t<\/a>\n\t\t\t\t<\/div>\n\t\t\t\t\t\t\t\t<\/div>\n\t\t\t\t<\/div>\n\t\t\t\t<div class=\"elementor-element elementor-element-6a5e214 elementor-align-center elementor-widget elementor-widget-button\" data-id=\"6a5e214\" data-element_type=\"widget\" data-widget_type=\"button.default\">\n\t\t\t\t<div class=\"elementor-widget-container\">\n\t\t\t\t\t\t\t\t\t<div class=\"elementor-button-wrapper\">\n\t\t\t\t\t<a class=\"elementor-button elementor-button-link elementor-size-sm\" href=\"http:\/\/www.cucsur.udg.mx\/sites\/default\/files\/anexo_estadistico_compres.pdf\" target=\"_blank\">\n\t\t\t\t\t\t<span class=\"elementor-button-content-wrapper\">\n\t\t\t\t\t\t\t\t\t<span class=\"elementor-button-text\">Descargar anexos<\/span>\n\t\t\t\t\t<\/span>\n\t\t\t\t\t<\/a>\n\t\t\t\t<\/div>\n\t\t\t\t\t\t\t\t<\/div>\n\t\t\t\t<\/div>\n\t\t\t\t<\/div>\n\t\t\t\t\t<\/div>\n\t\t\t\t<\/div>\n\t\t\t\t<\/div>\n\t\t","protected":false},"excerpt":{"rendered":"<p>https:\/\/firebasestorage.googleapis.com\/v0\/b\/informe-cucsur.firebasestorage.app\/o\/2025%2F0307.mp4?alt=media&#038;token=2ed9f729-a506-474c-929a-80efea0a4c04 Mensaje En cumplimiento de mis responsabilidades y en uso de las facultades que me otorga la Ley Org\u00e1nica de la Universidad de Guadalajara, y con el prop\u00f3sito de rendir cuentas de manera transparente, presento ante ustedes el Informe de las principales actividades sustantivas desarrolladas en nuestro Centro Universitario de la Costa Sur durante el [&hellip;]<\/p>\n","protected":false},"author":1,"featured_media":0,"parent":0,"menu_order":0,"comment_status":"closed","ping_status":"closed","template":"","meta":{"footnotes":""},"class_list":["post-12","page","type-page","status-publish","hentry"],"_links":{"self":[{"href":"https:\/\/cucsur.udg.mx\/informe-2024-2025\/index.php\/wp-json\/wp\/v2\/pages\/12","targetHints":{"allow":["GET"]}}],"collection":[{"href":"https:\/\/cucsur.udg.mx\/informe-2024-2025\/index.php\/wp-json\/wp\/v2\/pages"}],"about":[{"href":"https:\/\/cucsur.udg.mx\/informe-2024-2025\/index.php\/wp-json\/wp\/v2\/types\/page"}],"author":[{"embeddable":true,"href":"https:\/\/cucsur.udg.mx\/informe-2024-2025\/index.php\/wp-json\/wp\/v2\/users\/1"}],"replies":[{"embeddable":true,"href":"https:\/\/cucsur.udg.mx\/informe-2024-2025\/index.php\/wp-json\/wp\/v2\/comments?post=12"}],"version-history":[{"count":313,"href":"https:\/\/cucsur.udg.mx\/informe-2024-2025\/index.php\/wp-json\/wp\/v2\/pages\/12\/revisions"}],"predecessor-version":[{"id":469,"href":"https:\/\/cucsur.udg.mx\/informe-2024-2025\/index.php\/wp-json\/wp\/v2\/pages\/12\/revisions\/469"}],"wp:attachment":[{"href":"https:\/\/cucsur.udg.mx\/informe-2024-2025\/index.php\/wp-json\/wp\/v2\/media?parent=12"}],"curies":[{"name":"wp","href":"https:\/\/api.w.org\/{rel}","templated":true}]}}